{"id":1098,"date":"2018-08-31T17:41:39","date_gmt":"2018-08-31T17:41:39","guid":{"rendered":"http:\/\/offcenit.no:9009\/?page_id=1098"},"modified":"2022-03-29T12:36:00","modified_gmt":"2022-03-29T12:36:00","slug":"hyttefeltet","status":"publish","type":"page","link":"https:\/\/merkeslia.no\/index.php\/hyttefeltet\/","title":{"rendered":"Hyttefeltet"},"content":{"rendered":"<p>[et_pb_section fb_built=&#8221;1&#8243; inner_shadow=&#8221;on&#8221; module_class=&#8221;top-bilde&#8221; _builder_version=&#8221;4.8.2&#8243; background_image=&#8221;https:\/\/merkeslia.no\/wp-content\/uploads\/2021\/02\/01Fasade_4-scaled.jpg&#8221; max_width_last_edited=&#8221;off|desktop&#8221; min_height=&#8221;600px&#8221; custom_padding=&#8221;0px|0px|62px|0px&#8221; global_colors_info=&#8221;{}&#8221;][et_pb_row _builder_version=&#8221;3.25&#8243; module_alignment=&#8221;center&#8221; custom_padding=&#8221;0px|0px|47px|0px&#8221; global_colors_info=&#8221;{}&#8221;][et_pb_column type=&#8221;4_4&#8243; _builder_version=&#8221;3.25&#8243; custom_padding=&#8221;|||&#8221; global_colors_info=&#8221;{}&#8221; custom_padding__hover=&#8221;|||&#8221;][et_pb_text _builder_version=&#8221;3.27.4&#8243; text_font=&#8221;||||||||&#8221; background_layout=&#8221;dark&#8221; custom_padding=&#8221;192px|||||&#8221; global_colors_info=&#8221;{}&#8221;]<\/p>\n<h1 class=\"cover-tekst\"><\/h1>\n<h1 class=\"cover-tekst\"><\/h1>\n<h1 class=\"cover-tekst\">Hyttedr\u00f8mmen i hjertet<\/h1>\n<h1 class=\"cover-tekst\">av Valdres<\/h1>\n<p>[\/et_pb_text][\/et_pb_column][\/et_pb_row][\/et_pb_section][et_pb_section fb_built=&#8221;1&#8243; _builder_version=&#8221;3.22&#8243; custom_padding=&#8221;54px|0px|36px|0px&#8221; global_colors_info=&#8221;{}&#8221;][et_pb_row _builder_version=&#8221;3.25&#8243; background_size=&#8221;initial&#8221; background_position=&#8221;top_left&#8221; background_repeat=&#8221;repeat&#8221; custom_padding=&#8221;27px|0px|0px|0px&#8221; global_colors_info=&#8221;{}&#8221;][et_pb_column type=&#8221;4_4&#8243; _builder_version=&#8221;3.25&#8243; custom_padding=&#8221;|||&#8221; global_colors_info=&#8221;{}&#8221; custom_padding__hover=&#8221;|||&#8221;][et_pb_text _builder_version=&#8221;3.27.4&#8243; custom_margin=&#8221;|||&#8221; global_colors_info=&#8221;{}&#8221;]<\/p>\n<h2>Makel\u00f8se muligheter<\/h2>\n<p>\u00a0<\/p>\n<p>Med sin flott beliggenhet p\u00e5 fjellet mellom Valdres og Hallingdal er Tisleidalen et popul\u00e6rt hytteomr\u00e5de. N\u00e5 har et nytt hyttefelt fullt av muligheter \u00e5pnet seg i makel\u00f8se Merkeslia <b>\u2013<\/b><span>\u00a0<\/span> enten du vil bygge selv eller foretrekker at erfarne lokale h\u00e5ndverkere gj\u00f8r jobben for deg.<\/p>\n<p><strong><em>Klikk p\u00e5 bildet under for fotogalleri fra makel\u00f8se Merkeslia sommer og vinter!<\/em><\/strong><\/p>\n<p>[\/et_pb_text][et_pb_gallery gallery_ids=&#8221;1447,1450,1454,1451,799,318,1342,1505,1506,1507,1508,1511,1512,1514,1519,1520&#8243; gallery_captions=&#8221;,,,,,,&#8221; fullwidth=&#8221;on&#8221; _builder_version=&#8221;4.9.0&#8243; global_colors_info=&#8221;{}&#8221;][\/et_pb_gallery][\/et_pb_column][\/et_pb_row][et_pb_row use_custom_gutter=&#8221;on&#8221; _builder_version=&#8221;3.25&#8243; custom_margin=&#8221;30px||30px|&#8221; custom_padding=&#8221;24px|0px|0px|0px||&#8221; global_colors_info=&#8221;{}&#8221;][et_pb_column type=&#8221;4_4&#8243; _builder_version=&#8221;3.25&#8243; custom_padding=&#8221;|||&#8221; global_colors_info=&#8221;{}&#8221; custom_padding__hover=&#8221;|||&#8221;][et_pb_text _builder_version=&#8221;3.27.4&#8243; custom_margin=&#8221;|||30px&#8221; global_colors_info=&#8221;{}&#8221;]<\/p>\n<h3 style=\"text-align: left;\">Beliggenhet<\/h3>\n<p>Merkeslia ligger fritt og fredelig, men samtidig sv<span>\u00e6rt sentralt, omgitt av<\/span>\u00a0vakker og variert natur med flotte turmuligheter sommer som vinter. N<span>\u00e6romr\u00e5det byr p\u00e5<\/span>\u00a0flotte fjellomr\u00e5der for turer til fots, p\u00e5 sykkel og ski, og sv<span>\u00e6rt spennende<\/span>\u00a0fiskemuligheter b\u00e5de i \u00f8rretelva Tisleia og vakre fjellvann.<\/p>\n<p>Omr\u00e5det har lett hel\u00e5rs adkomst fra b\u00e5de \u00f8st- og vestlandet, ogs\u00e5 om en \u00f8nsker \u00e5 benytte seg av offentlig transport.<\/p>\n<p>I dette flotte omr\u00e5det ligger Merkeslia Hyttefelt, p\u00e5 motsatt side av Tisleia halvannen kilometer fra landhandel Joker Fjellbu.\u00a0 F\u00f8lg skilting mot Merket og Pardisfjorden.<\/p>\n<h3 style=\"text-align: left;\">N<span>\u00e6<\/span>romr\u00e5det<\/h3>\n<p>Fra hyttetrappa i Merkeslia kan du legge skituren rett ut vakker natur og flotte, oppkj\u00f8rte skil\u00f8yper som passerer rett ovenfor hyttefeltet.\u00a0 L\u00f8ypenett strekker seg milevis innover fjellet og g\u00e5r i fint og variert terreng som passer for b\u00e5de store og sm\u00e5.<\/p>\n<p>Ta gjerne skituren rundt Haugsetfjellet (1.152 moh), eller opp p\u00e5 Nyst\u00f8lvarden (1.296 moh) som er omr\u00e5dets h\u00f8yeste fjell.<\/p>\n<p>Fra Merkeslia kan du ogs\u00e5 f\u00f8lge skil\u00f8ypa noen hundre meter bort til spennende akebakke med nytt kjelketrekk hos Merket kurs- og feriesenter som driftes av R\u00f8de Kors. Senteret har et rikt aktivitetetstilbud med bla. hinderl\u00f8yper og b\u00e5tanlegg. Akebakke og heis er \u00e5pen for alle i omr\u00e5det p\u00e5 annonserte dager.<\/p>\n<p>I Tisleidalen, med kort avstand til Merkeslia Hyttefelt, finner du b\u00e5de rikholdig dagligvarehandel, kirke, campingplasser og hotell.<\/p>\n<p>Joker Fjellbu har et godt utvalg av dagligvarer og kvalitetsprodukter fra flere lokale produsenter. Butikken kan ogs\u00e5 tilby apotekvarer, tipping, verkt\u00f8y, litt bekledning, leker og spill til barna, utstyr til hund og katt mm. Dusjrom og vaskemaskin st\u00e5r til disposisjon, og har en behov for \u00e5 fylle vannkanner kan dette ogs\u00e5 gj\u00f8res her.<\/p>\n<p>Ved butikken er det busstopp med flere daglige avganger mellom Fagernes og Gol. Bussene korrensponderer med offentlig transport, busser og tog, til b\u00e5de \u00f8st- og vestlandet.<\/p>\n<p>Vasetdansen Camping og Bj\u00f8rkest\u00f8len Camping er to veletablerte og familievennlige campingplasser. En kan gjerne sykle mellom campingplassene p\u00e5 \u201cKj\u00e6rlighetsstien\u201d, som er en trivelig skogssti langs elva.<\/p>\n<h3 style=\"text-align: left;\">Aktiviteter<\/h3>\n<p>Vinterstid lokker preparerte langrennsl\u00f8yper og alpinbakker i alle himmelretninger rundt Merkeslia. Det er rundt 15 km til Storefjell Ski og Akesenter og to mil til Valdres Alpinsenter i Aurdal. Til Hemsedal er det 45 minutters kj\u00f8ring.<\/p>\n<p>Litt nedenfor Merkeslia hyttefelt renner elva Tisleia. Tisleia er kjent som ei god fiskeelv, hvor store og sm\u00e5 fiskere med lykken med seg f\u00e5r flott \u00f8rret til middag. Fluefiskesonen rett nedenfor Merkeslia er popul<span>\u00e6r b\u00e5de blant fiskere og tilskuere.<\/span>\u00a0Elva renner videre ut i Pardisfjorden og \u00d8lsj\u00f8en, og har flere fine partier ogs\u00e5 for bading og kano.<\/p>\n<p>Innenfor Pardisfjorden, inne i Kinn, ligger innsj\u00f8en Kvitingen. N\u00e6r denne finner en Jygerlaugitn, som er noen store jettegryter med m\u00f8rke fjellsider. Ikke langt fra disse ligger fjellet Makalaus (1.099 moh) som er et av flere familievennlige turm\u00e5l med nydelig utsikt utover omr\u00e5det.<\/p>\n<p>I Tisleidalen er det laget et flott anlegg for stisykling. Anlegget ligger ca. 1 km fra hyttefeltet, i lia opp for Merket feriesenter. Her er det fire l\u00f8yper i ulike lengder og vanskelighetsgrader. Sykkelturer her vil garantert gi mange utfordringer og mye moro for b\u00e5de barn og voksne.<\/p>\n<p>En kan ogs\u00e5 sykle innover de mange st\u00f8lsveiene i omr\u00e5det og bes\u00f8ke st\u00f8ler som fortsatt er i drift. Nord-Europas st\u00f8rste aktive st\u00f8lslag ligger i omr\u00e5det mellom Tisleidalen og Vaset. En tur langs Panoramavegen kan gi mange vakre naturopplevelser, spennende m\u00f8ter med dyr, og m\u00f8ter med aktiv st\u00f8lsdrift. P\u00e5 Langest\u00f8len er det sesong\u00e5pen butikk og kaf\u00e9, som er et koselig sted \u00e5 svinge innom.\u00a0<\/p>\n<p><strong>Legger du neste oppdagelsestur til Merkeslia?\u00a0<\/strong><\/p>\n<p>[\/et_pb_text][\/et_pb_column][\/et_pb_row][\/et_pb_section][et_pb_section fb_built=&#8221;1&#8243; fullwidth=&#8221;on&#8221; _builder_version=&#8221;4.8.2&#8243; background_enable_image=&#8221;off&#8221; global_colors_info=&#8221;{}&#8221;][et_pb_fullwidth_image src=&#8221;https:\/\/merkeslia.no\/wp-content\/uploads\/2021\/02\/01Fasade_3-scaled.jpg&#8221; title_text=&#8221;01Fasade_3&#8243; _builder_version=&#8221;4.8.2&#8243; global_colors_info=&#8221;{}&#8221;][\/et_pb_fullwidth_image][\/et_pb_section]<\/p>\n","protected":false},"excerpt":{"rendered":"<p>Hyttedr\u00f8mmen i hjertet av ValdresMakel\u00f8se muligheter \u00a0 Med sin flott beliggenhet p\u00e5 fjellet mellom Valdres og Hallingdal er Tisleidalen et popul\u00e6rt hytteomr\u00e5de. N\u00e5 har et nytt hyttefelt fullt av muligheter \u00e5pnet seg i makel\u00f8se Merkeslia \u2013\u00a0 enten du vil bygge selv eller foretrekker at erfarne lokale h\u00e5ndverkere gj\u00f8r jobben for deg. Klikk p\u00e5 bildet under [&hellip;]<\/p>\n","protected":false},"author":2,"featured_media":0,"parent":0,"menu_order":0,"comment_status":"closed","ping_status":"closed","template":"","meta":{"_et_pb_use_builder":"on","_et_pb_old_content":"","_et_gb_content_width":"","footnotes":""},"class_list":["post-1098","page","type-page","status-publish","hentry"],"yoast_head":"<!-- This site is optimized with the Yoast SEO plugin v27.1 - https:\/\/yoast.com\/product\/yoast-seo-wordpress\/ -->\n<title>Hyttefeltet - Merkeslia<\/title>\n<meta name=\"robots\" content=\"index, follow, max-snippet:-1, max-image-preview:large, max-video-preview:-1\" \/>\n<link rel=\"canonical\" href=\"https:\/\/merkeslia.no\/index.php\/hyttefeltet\/\" \/>\n<meta property=\"og:locale\" content=\"en_US\" \/>\n<meta property=\"og:type\" content=\"article\" \/>\n<meta property=\"og:title\" content=\"Hyttefeltet - Merkeslia\" \/>\n<meta property=\"og:description\" content=\"Hyttedr\u00f8mmen i hjertet av ValdresMakel\u00f8se muligheter \u00a0 Med sin flott beliggenhet p\u00e5 fjellet mellom Valdres og Hallingdal er Tisleidalen et popul\u00e6rt hytteomr\u00e5de. N\u00e5 har et nytt hyttefelt fullt av muligheter \u00e5pnet seg i makel\u00f8se Merkeslia \u2013\u00a0 enten du vil bygge selv eller foretrekker at erfarne lokale h\u00e5ndverkere gj\u00f8r jobben for deg. Klikk p\u00e5 bildet under [&hellip;]\" \/>\n<meta property=\"og:url\" content=\"https:\/\/merkeslia.no\/index.php\/hyttefeltet\/\" \/>\n<meta property=\"og:site_name\" content=\"Merkeslia\" \/>\n<meta property=\"article:publisher\" content=\"https:\/\/www.facebook.com\/merkeslia\/\" \/>\n<meta property=\"article:modified_time\" content=\"2022-03-29T12:36:00+00:00\" \/>\n<meta name=\"twitter:card\" content=\"summary_large_image\" \/>\n<meta name=\"twitter:label1\" content=\"Est. reading time\" \/>\n\t<meta name=\"twitter:data1\" content=\"5 minutes\" \/>\n<script type=\"application\/ld+json\" class=\"yoast-schema-graph\">{\"@context\":\"https:\/\/schema.org\",\"@graph\":[{\"@type\":\"WebPage\",\"@id\":\"https:\/\/merkeslia.no\/index.php\/hyttefeltet\/\",\"url\":\"https:\/\/merkeslia.no\/index.php\/hyttefeltet\/\",\"name\":\"Hyttefeltet - Merkeslia\",\"isPartOf\":{\"@id\":\"https:\/\/merkeslia.no\/#website\"},\"datePublished\":\"2018-08-31T17:41:39+00:00\",\"dateModified\":\"2022-03-29T12:36:00+00:00\",\"breadcrumb\":{\"@id\":\"https:\/\/merkeslia.no\/index.php\/hyttefeltet\/#breadcrumb\"},\"inLanguage\":\"en-US\",\"potentialAction\":[{\"@type\":\"ReadAction\",\"target\":[\"https:\/\/merkeslia.no\/index.php\/hyttefeltet\/\"]}]},{\"@type\":\"BreadcrumbList\",\"@id\":\"https:\/\/merkeslia.no\/index.php\/hyttefeltet\/#breadcrumb\",\"itemListElement\":[{\"@type\":\"ListItem\",\"position\":1,\"name\":\"Home\",\"item\":\"https:\/\/merkeslia.no\/\"},{\"@type\":\"ListItem\",\"position\":2,\"name\":\"Hyttefeltet\"}]},{\"@type\":\"WebSite\",\"@id\":\"https:\/\/merkeslia.no\/#website\",\"url\":\"https:\/\/merkeslia.no\/\",\"name\":\"Merkeslia\",\"description\":\"Makel\u00f8se Merkeslia\",\"potentialAction\":[{\"@type\":\"SearchAction\",\"target\":{\"@type\":\"EntryPoint\",\"urlTemplate\":\"https:\/\/merkeslia.no\/?s={search_term_string}\"},\"query-input\":{\"@type\":\"PropertyValueSpecification\",\"valueRequired\":true,\"valueName\":\"search_term_string\"}}],\"inLanguage\":\"en-US\"}]}<\/script>\n<!-- \/ Yoast SEO plugin. -->","yoast_head_json":{"title":"Hyttefeltet - Merkeslia","robots":{"index":"index","follow":"follow","max-snippet":"max-snippet:-1","max-image-preview":"max-image-preview:large","max-video-preview":"max-video-preview:-1"},"canonical":"https:\/\/merkeslia.no\/index.php\/hyttefeltet\/","og_locale":"en_US","og_type":"article","og_title":"Hyttefeltet - Merkeslia","og_description":"Hyttedr\u00f8mmen i hjertet av ValdresMakel\u00f8se muligheter \u00a0 Med sin flott beliggenhet p\u00e5 fjellet mellom Valdres og Hallingdal er Tisleidalen et popul\u00e6rt hytteomr\u00e5de. N\u00e5 har et nytt hyttefelt fullt av muligheter \u00e5pnet seg i makel\u00f8se Merkeslia \u2013\u00a0 enten du vil bygge selv eller foretrekker at erfarne lokale h\u00e5ndverkere gj\u00f8r jobben for deg. Klikk p\u00e5 bildet under [&hellip;]","og_url":"https:\/\/merkeslia.no\/index.php\/hyttefeltet\/","og_site_name":"Merkeslia","article_publisher":"https:\/\/www.facebook.com\/merkeslia\/","article_modified_time":"2022-03-29T12:36:00+00:00","twitter_card":"summary_large_image","twitter_misc":{"Est. reading time":"5 minutes"},"schema":{"@context":"https:\/\/schema.org","@graph":[{"@type":"WebPage","@id":"https:\/\/merkeslia.no\/index.php\/hyttefeltet\/","url":"https:\/\/merkeslia.no\/index.php\/hyttefeltet\/","name":"Hyttefeltet - Merkeslia","isPartOf":{"@id":"https:\/\/merkeslia.no\/#website"},"datePublished":"2018-08-31T17:41:39+00:00","dateModified":"2022-03-29T12:36:00+00:00","breadcrumb":{"@id":"https:\/\/merkeslia.no\/index.php\/hyttefeltet\/#breadcrumb"},"inLanguage":"en-US","potentialAction":[{"@type":"ReadAction","target":["https:\/\/merkeslia.no\/index.php\/hyttefeltet\/"]}]},{"@type":"BreadcrumbList","@id":"https:\/\/merkeslia.no\/index.php\/hyttefeltet\/#breadcrumb","itemListElement":[{"@type":"ListItem","position":1,"name":"Home","item":"https:\/\/merkeslia.no\/"},{"@type":"ListItem","position":2,"name":"Hyttefeltet"}]},{"@type":"WebSite","@id":"https:\/\/merkeslia.no\/#website","url":"https:\/\/merkeslia.no\/","name":"Merkeslia","description":"Makel\u00f8se Merkeslia","potentialAction":[{"@type":"SearchAction","target":{"@type":"EntryPoint","urlTemplate":"https:\/\/merkeslia.no\/?s={search_term_string}"},"query-input":{"@type":"PropertyValueSpecification","valueRequired":true,"valueName":"search_term_string"}}],"inLanguage":"en-US"}]}},"_links":{"self":[{"href":"https:\/\/merkeslia.no\/index.php\/wp-json\/wp\/v2\/pages\/1098","targetHints":{"allow":["GET"]}}],"collection":[{"href":"https:\/\/merkeslia.no\/index.php\/wp-json\/wp\/v2\/pages"}],"about":[{"href":"https:\/\/merkeslia.no\/index.php\/wp-json\/wp\/v2\/types\/page"}],"author":[{"embeddable":true,"href":"https:\/\/merkeslia.no\/index.php\/wp-json\/wp\/v2\/users\/2"}],"replies":[{"embeddable":true,"href":"https:\/\/merkeslia.no\/index.php\/wp-json\/wp\/v2\/comments?post=1098"}],"version-history":[{"count":0,"href":"https:\/\/merkeslia.no\/index.php\/wp-json\/wp\/v2\/pages\/1098\/revisions"}],"wp:attachment":[{"href":"https:\/\/merkeslia.no\/index.php\/wp-json\/wp\/v2\/media?parent=1098"}],"curies":[{"name":"wp","href":"https:\/\/api.w.org\/{rel}","templated":true}]}}